{"id":1158,"date":"2017-01-17T11:58:41","date_gmt":"2017-01-17T10:58:41","guid":{"rendered":"http:\/\/www.doktersinzandvoort.nl\/welkom\/"},"modified":"2024-05-13T16:16:29","modified_gmt":"2024-05-13T14:16:29","slug":"welkom","status":"publish","type":"page","link":"https:\/\/www.doktersinzandvoort.nl\/de\/","title":{"rendered":"Wilkommen"},"content":{"rendered":"<p><span class=\"jCAhz ChMk0b\"><span class=\"ryNqvb\">Willkommen auf der Website der Allgemeinmediziner Klaver und van Banning.<\/span><\/span><\/p>\n<p><strong><span class=\"jCAhz ChMk0b\"><span class=\"ryNqvb\">Notf\u00e4lle<\/span><\/span><\/strong><br \/>\n<span class=\"jCAhz ChMk0b\"><span class=\"ryNqvb\">In einer lebensbedrohlichen Situation rufen Sie bitte 112 an. In anderen dringenden F\u00e4llen rufen Sie 023 571 20 58 an und w\u00e4hlen Sie den Men\u00fcpunkt \u201e1\u201c.<\/span><\/span><\/p>\n<p><strong><span class=\"jCAhz ChMk0b\"><span class=\"ryNqvb\">Termin<\/span><\/span><\/strong><br \/>\n<span class=\"jCAhz ChMk0b\"><span class=\"ryNqvb\">F\u00fcr eine Beratung k\u00f6nnen Sie einen Termin vereinbaren: Montag und Mittwoch bis Freitag, rufen Sie 023 571 20 58 an und w\u00e4hlen Sie Men\u00fcpunkt \u201e3\u201c.<\/span><\/span> <span class=\"jCAhz ChMk0b\"><span class=\"ryNqvb\">Sie erreichen die Praxis von 8:00 bis 12:00 Uhr und von 14:00 bis 16:00 Uhr.<\/span><\/span><\/p>\n<p><strong><span class=\"jCAhz ChMk0b\"><span class=\"ryNqvb\">\u00d6ffnungszeiten<\/span><\/span><\/strong><br \/>\n<span class=\"jCAhz ChMk0b\"><span class=\"ryNqvb\">Wir haben Montag und Mittwoch bis Freitag von 8:00 bis 17:00 Uhr ge\u00f6ffnet.<\/span><\/span> <span class=\"jCAhz ChMk0b\"><span class=\"ryNqvb\">Am Dienstag k\u00f6nnen Sie einen unserer Kollegen, Huisartspraktijk Nieuwnoord (N. van Bergen) oder Huisartsenpraktijk Zandvoort, konsultieren.<\/span><\/span><br \/>\n<span class=\"jCAhz ChMk0b\"><span class=\"ryNqvb\">Huisartsenpraktijk Zandvoort, <\/span><\/span><span class=\"jCAhz ChMk0b\"><span class=\"ryNqvb\">Kostverlorenstraat 70A<\/span><\/span> <span class=\"jCAhz ChMk0b\"><span class=\"ryNqvb\">2042, PK Zandvoort. <\/span><\/span><span class=\"jCAhz ChMk0b\"><span class=\"ryNqvb\">Telefon 023 571 24 99.<\/span><\/span><br \/>\n<span class=\"jCAhz ChMk0b\"><span class=\"ryNqvb\">Huisartspraktijk Nieuwnoord,<\/span><\/span><span class=\"jCAhz ChMk0b\"><span class=\"ryNqvb\">\u00a0<\/span><\/span><span class=\"jCAhz ChMk0b\"><span class=\"ryNqvb\">Pasteurstraat 10,<\/span><\/span> <span class=\"jCAhz ChMk0b\"><span class=\"ryNqvb\">2041 VA Zandvoort. <\/span><\/span><span class=\"jCAhz ChMk0b\"><span class=\"ryNqvb\">Telefon 023 571 95 07.<\/span><\/span><\/p>\n<p><span class=\"jCAhz ChMk0b\"><span class=\"ryNqvb\">Wenn Sie unsere Arztpraxis als Gast zu einem Beratungsgespr\u00e4ch besuchen und nicht als regul\u00e4rer Patient registriert sind, sind wir gesetzlich verpflichtet, Sie zu Ihrem medizinischen Hintergrund zu befragen.<\/span><\/span> <span class=\"jCAhz ChMk0b\"><span class=\"ryNqvb\">Um Ihnen eine gute Gesundheitsversorgung zu gew\u00e4hrleisten, nehmen wir diese Daten in unsere Patientenakten auf.<\/span><\/span> <span class=\"jCAhz ChMk0b\"><span class=\"ryNqvb\">Ohne diese Informationen k\u00f6nnen wir keine (angemessene) Gesundheitsversorgung anbieten.<\/span><\/span> <span class=\"jCAhz ChMk0b\"><span class=\"ryNqvb\">Unsere Arbeit wird von der Niederl\u00e4ndischen Hochschule f\u00fcr Allgemeinmedizin NHG geleitet.<\/span><\/span> <span class=\"jCAhz ChMk0b\"><span class=\"ryNqvb\">Wir arbeiten so weit wie m\u00f6glich nach den NHG-Richtlinien.<\/span><\/span><\/p>\n<p><strong><span class=\"jCAhz ChMk0b\"><span class=\"ryNqvb\">Kontakt<\/span><\/span><\/strong><br \/>\n<span class=\"jCAhz ChMk0b\"><span class=\"ryNqvb\">Klaver und van Banning Huisartsen<\/span><\/span> <span class=\"jCAhz ChMk0b\"><span class=\"ryNqvb\">\u201e\u00c4rzte in Zandvoort\u201c<\/span><\/span> <span class=\"jCAhz ChMk0b\"><span class=\"ryNqvb\">Koninginneweg 34a<\/span><\/span> <span class=\"jCAhz ChMk0b\"><span class=\"ryNqvb\">2042 NM Zandvoort<\/span><\/span> <span class=\"jCAhz ChMk0b\"><span class=\"ryNqvb\">Telefon |<\/span><\/span> <span class=\"jCAhz ChMk0b\"><span class=\"ryNqvb\">023 571 20 58.<\/span><\/span><\/p>\n<p><strong><span class=\"jCAhz ChMk0b\"><span class=\"ryNqvb\">Abends, nachts und am Wochenende<\/span><\/span><\/strong><br \/>\n<span class=\"jCAhz ChMk0b\"><span class=\"ryNqvb\">An Wochentagen von 18:00 bis 8:00 Uhr und am Wochenende wenden Sie sich bitte an die au\u00dferhalb der Gesch\u00e4ftszeiten eingerichtete Einrichtung \u201eSpoedpost Haarlem\u201c in Haarlem, Telefonnummer 023 224 25 26. Alle Haus\u00e4rzte in dieser Region arbeiten in der \u201eSpoedpost Haarlem\u201c zusammen.<\/span><\/span> <span class=\"jCAhz ChMk0b\"><span class=\"ryNqvb\">Die Rezeption wird Sie nach Ihrem Namen, Ihrer Adresse, Ihrem Ausweis und Ihrer Krankenversicherung fragen.<\/span><\/span> <span class=\"jCAhz ChMk0b\"><span class=\"ryNqvb\">Bitte halten Sie diese Informationen bereit.<\/span><\/span><\/p>\n","protected":false},"excerpt":{"rendered":"<p>Willkommen auf der Website der Allgemeinmediziner Klaver und van Banning. Notf\u00e4lle In einer lebensbedrohlichen Situation rufen Sie bitte 112 an. In anderen dringenden F\u00e4llen rufen Sie 023 571 20 58 an und w\u00e4hlen Sie den Men\u00fcpunkt \u201e1\u201c. Termin F\u00fcr eine Beratung k\u00f6nnen Sie einen Termin vereinbaren: Montag und Mittwoch bis Freitag, rufen Sie 023 571 [&hellip;]<\/p>\n","protected":false},"author":1,"featured_media":0,"parent":0,"menu_order":0,"comment_status":"closed","ping_status":"closed","template":"","meta":{"_acf_changed":false,"footnotes":""},"class_list":["post-1158","page","type-page","status-publish","hentry"],"acf":[],"_links":{"self":[{"href":"https:\/\/www.doktersinzandvoort.nl\/de\/wp-json\/wp\/v2\/pages\/1158","targetHints":{"allow":["GET"]}}],"collection":[{"href":"https:\/\/www.doktersinzandvoort.nl\/de\/wp-json\/wp\/v2\/pages"}],"about":[{"href":"https:\/\/www.doktersinzandvoort.nl\/de\/wp-json\/wp\/v2\/types\/page"}],"author":[{"embeddable":true,"href":"https:\/\/www.doktersinzandvoort.nl\/de\/wp-json\/wp\/v2\/users\/1"}],"replies":[{"embeddable":true,"href":"https:\/\/www.doktersinzandvoort.nl\/de\/wp-json\/wp\/v2\/comments?post=1158"}],"version-history":[{"count":4,"href":"https:\/\/www.doktersinzandvoort.nl\/de\/wp-json\/wp\/v2\/pages\/1158\/revisions"}],"predecessor-version":[{"id":1711,"href":"https:\/\/www.doktersinzandvoort.nl\/de\/wp-json\/wp\/v2\/pages\/1158\/revisions\/1711"}],"wp:attachment":[{"href":"https:\/\/www.doktersinzandvoort.nl\/de\/wp-json\/wp\/v2\/media?parent=1158"}],"curies":[{"name":"wp","href":"https:\/\/api.w.org\/{rel}","templated":true}]}}